{"id":11,"date":"2019-11-28T04:50:37","date_gmt":"2019-11-28T04:50:37","guid":{"rendered":"https:\/\/x-theme.net\/avas-spa\/?page_id=11"},"modified":"2025-08-24T18:30:46","modified_gmt":"2025-08-24T18:30:46","slug":"hakkinda","status":"publish","type":"page","link":"https:\/\/www.hilalusta.com\/2020\/hakkinda\/","title":{"rendered":"Hakk\u0131nda"},"content":{"rendered":"\t\t<div data-elementor-type=\"wp-page\" data-elementor-id=\"11\" class=\"elementor elementor-11\">\n\t\t\t\t\t\t<section class=\"elementor-section elementor-top-section elementor-element elementor-element-1264603 elementor-section-stretched elementor-section-boxed elementor-section-height-default elementor-section-height-default\" data-id=\"1264603\" data-element_type=\"section\" data-settings=\"{&quot;stretch_section&quot;:&quot;section-stretched&quot;}\">\n\t\t\t\t\t\t<div class=\"elementor-container elementor-column-gap-default\">\n\t\t\t\t\t<div class=\"elementor-column elementor-col-50 elementor-top-column elementor-element elementor-element-2531874\" data-id=\"2531874\" data-element_type=\"column\">\n\t\t\t<div class=\"elementor-widget-wrap elementor-element-populated\">\n\t\t\t\t\t\t<div class=\"elementor-element elementor-element-1f8ec98 elementor-invisible elementor-widget elementor-widget-avas-profile\" data-id=\"1f8ec98\" data-element_type=\"widget\" data-settings=\"{&quot;_animation&quot;:&quot;fadeInLeft&quot;}\" data-widget_type=\"avas-profile.default\">\n\t\t\t\t<div class=\"elementor-widget-container\">\n\t\t\t\t\t  \r\n    <div class=\"tx-profile-wrap style-1\">\r\n        <div class=\"row\">\r\n                                   <div class=\"col-lg-12 col-sm-6\">\r\n                        <div class=\"tx-profile-container\">\r\n                                                        <div class=\"tx-profile-image\">\r\n                                                                    <img decoding=\"async\" data-src=\"https:\/\/www.hilalusta.com\/2020\/wp-content\/uploads\/2020\/12\/profil.jpg\" alt=\"Hilal Usta\" src=\"data:image\/svg+xml;base64,PHN2ZyB3aWR0aD0iMSIgaGVpZ2h0PSIxIiB4bWxucz0iaHR0cDovL3d3dy53My5vcmcvMjAwMC9zdmciPjwvc3ZnPg==\" class=\"lazyload\" style=\"--smush-placeholder-width: 960px; --smush-placeholder-aspect-ratio: 960\/635;\">\r\n                                                            <\/div><!-- tx-profile-image -->\r\n                            \r\n                            <div class=\"tx-profile-content\">\r\n                                                                <h4 class=\"tx-profile-name\">Hilal Usta<\/h4>    \r\n                                                                <div class=\"tx-profile-position\">Uzman Klinik Psikolog<\/div>\r\n                                <div class=\"tx-profile-details\"><\/div>\r\n                                \r\n        <div class=\"tx-social-profile\">\r\n                                                                <a href=\"https:\/\/twitter.com\/UstaHilal\"><i class=\"fab fa-twitter\" aria-hidden=\"true\"><\/i><\/a>\r\n                                        <a href=\"https:\/\/www.linkedin.com\/in\/uzm-psk-hilal-usta-8265271a\"><i class=\"fab fa-linkedin\" aria-hidden=\"true\"><\/i><\/a>\r\n                                        <a href=\"https:\/\/www.instagram.com\/uzm.psk.hilalusta\/\"><i class=\"fab fa-instagram\" aria-hidden=\"true\"><\/i><\/a>\r\n                                              \r\n                                        <a href=\"https:\/\/www.youtube.com\/channel\/UCIG8H1HcemD9SV5x7kbOWeA\"><i class=\"fab fa-youtube\" aria-hidden=\"true\"><\/i><\/a>\r\n                    <\/div><!-- tx-social-profile -->\r\n\r\n     \r\n                            <\/div><!-- tx-profile-content -->\r\n                        <\/div><!-- tx-profile-container -->\r\n                    <\/div><!-- col-md -->\r\n                   \r\n        <\/div><!-- row -->\r\n    <\/div><!-- tx-profile-wrap -->\r\n\r\n\t\t\t\t<\/div>\n\t\t\t\t<\/div>\n\t\t\t\t\t<\/div>\n\t\t<\/div>\n\t\t\t\t<div class=\"elementor-column elementor-col-50 elementor-top-column elementor-element elementor-element-1e093ee\" data-id=\"1e093ee\" data-element_type=\"column\">\n\t\t\t<div class=\"elementor-widget-wrap elementor-element-populated\">\n\t\t\t\t\t\t<div class=\"elementor-element elementor-element-85605b6 tx-hd-align-left elementor-invisible elementor-widget elementor-widget-avas-heading\" data-id=\"85605b6\" data-element_type=\"widget\" data-settings=\"{&quot;_animation&quot;:&quot;fadeInRight&quot;}\" data-widget_type=\"avas-heading.default\">\n\t\t\t\t<div class=\"elementor-widget-container\">\n\t\t\t\t\t        <div class=\"tx-hd-wrap\">\n\n            <div class=\"tx-hd-wm\"><\/div>\n\n            \n            <div class=\"tx-hd-sub\"><\/div>\n                        <p class=\"tx-hd-title\">\n                <span class=\"tx-hd-first-part\"><\/span>\n                <span class=\"tx-hd-last-part\"><\/span>\n            <\/p>    \n            \n            <div class=\"tx-hd-desc\"><p>Hilal USTA, \u00a0\u0130stanbul \u00dcniversitesi, Psikolojik Dan\u0131\u015fmanl\u0131k ve Rehberlik b\u00f6l\u00fcm\u00fcnden 2002 y\u0131l\u0131nda mezun oldu. \u0130stanbul Kent \u00dcniversitesi Klinik Psikoloji Y\u00fcksek Lisans program\u0131n\u0131 Mindfulness Temelli Psikoterapilerin Etkilili\u011fi \u00fczerine yapt\u0131\u011f\u0131 bir \u00e7al\u0131\u015fmayla tamamlad\u0131.<\/p><p>2002 y\u0131l\u0131ndan itibaren bireysel ve grup dan\u0131\u015fmanl\u0131\u011f\u0131 yapmakta, aile e\u011fitimleri ve kurumsal e\u011fitimler vermekte, sosyal i\u00e7erikli \u00e7al\u0131\u015fmalarda yer almaktad\u0131r. Farkl\u0131 gazete, dergi ve internet portallar\u0131nda yaz\u0131lar yazmakta, Tv kanallar\u0131na konuk dan\u0131\u015fman olarak kat\u0131lmaktad\u0131r.<\/p><p>\u00a0<\/p><p><strong>Yapm\u0131\u015f oldu\u011fu \u00e7al\u0131\u015fmalar;<\/strong><\/p><p>2011 y\u0131l\u0131nda Taksim G\u00fcm\u00fc\u015fsuyu Risus E\u011fitim ve Dan\u0131\u015fmanl\u0131k Merkezi kurucu ortakl\u0131\u011f\u0131n\u0131 yapm\u0131\u015ft\u0131r.<\/p><p>Yine 2011 y\u0131l\u0131 i\u00e7erisinde gen\u00e7lerle \u00e7al\u0131\u015fmalar\u0131n\u0131 s\u00fcrd\u00fcren uzman, \u0130stanbul il genelinde d\u00fczenlenen 'Ya\u015fama Dokunu\u015f Liseleraras\u0131 K\u0131sa Film Yar\u0131\u015fmas\u0131' projesinin koordinat\u00f6rl\u00fc\u011f\u00fcn\u00fc y\u00fcr\u00fctm\u00fc\u015ft\u00fcr.<\/p><p>2013\u2019te mezun oldu\u011fu Fa Coach Academy\u2019nin koordinat\u00f6rl\u00fc\u011f\u00fcnde, 36 yetkin ya\u015fam ko\u00e7unun i\u015fbirli\u011fiyle olu\u015fturulan 'Ko\u00e7luk Teknikleri Kitab\u0131\u2019n\u0131n yaz\u0131m\u0131nda yer alm\u0131\u015ft\u0131r.<\/p><p>2014 y\u0131l\u0131nda Ganj Yay\u0131nlar\u0131ndan \u2018Organik Aforizmalar\u2019 isimli\u00a0 bir kitab\u0131 yay\u0131nlanm\u0131\u015ft\u0131r.<\/p><p>2017 y\u0131l\u0131nda kurulan Mecidiyek\u00f6y Psikohelp E\u011fitim ve Dan\u0131\u015fmanl\u0131k Merkezi'nin kurucu ortakl\u0131\u011f\u0131n\u0131 yapm\u0131\u015f olup, buradaki \u00e7al\u0131\u015fmalar\u0131n\u0131 2 y\u0131l boyunca s\u00fcrd\u00fcrm\u00fc\u015ft\u00fcr.<\/p><p>\u00a0<\/p><p><strong>Uzman\u0131n alm\u0131\u015f oldu\u011fu e\u011fitimler;<\/strong><\/p><p>Mindfulness, Uluslararas\u0131 \u015eema Terapi E\u011fitimi, K\u0131sa S\u00fcreli \u00c7\u00f6z\u00fcm Odakl\u0131 Terapi, Nefes Terapisi, Yas Terapisi, K\u0131sa S\u00fcreli Dinamik Psikoterapi, Miza\u00e7 Analizi, Online Terapi, Minnesota \u00c7ok Y\u00f6nl\u00fc Ki\u015filik Envanteri, Ya\u015fam Ko\u00e7lu\u011fu, E\u011fitim Ko\u00e7lu\u011fu, Ki\u015fisel Markala\u015fma, Yarat\u0131c\u0131 Drama, Storytelling<\/p><\/div>\n\n\n                   \n        <\/div><!-- tx-hd-wrap -->\n\n\n\n\n\n\n\n\n\t\t\t\t<\/div>\n\t\t\t\t<\/div>\n\t\t\t\t\t<\/div>\n\t\t<\/div>\n\t\t\t\t\t<\/div>\n\t\t<\/section>\n\t\t\t\t<section class=\"elementor-section elementor-top-section elementor-element elementor-element-1c246b0 elementor-section-boxed elementor-section-height-default elementor-section-height-default\" data-id=\"1c246b0\" data-element_type=\"section\">\n\t\t\t\t\t\t<div class=\"elementor-container elementor-column-gap-default\">\n\t\t\t\t\t<div class=\"elementor-column elementor-col-100 elementor-top-column elementor-element elementor-element-bf050b8\" data-id=\"bf050b8\" data-element_type=\"column\">\n\t\t\t<div class=\"elementor-widget-wrap\">\n\t\t\t\t\t\t\t<\/div>\n\t\t<\/div>\n\t\t\t\t\t<\/div>\n\t\t<\/section>\n\t\t\t\t<section class=\"elementor-section elementor-top-section elementor-element elementor-element-8d2af3c elementor-section-stretched elementor-section-boxed elementor-section-height-default elementor-section-height-default\" data-id=\"8d2af3c\" data-element_type=\"section\" data-settings=\"{&quot;stretch_section&quot;:&quot;section-stretched&quot;,&quot;background_background&quot;:&quot;classic&quot;}\">\n\t\t\t\t\t\t<div class=\"elementor-container elementor-column-gap-default\">\n\t\t\t\t\t<div class=\"elementor-column elementor-col-33 elementor-top-column elementor-element elementor-element-21d5f64\" data-id=\"21d5f64\" data-element_type=\"column\">\n\t\t\t<div class=\"elementor-widget-wrap elementor-element-populated\">\n\t\t\t\t\t\t<div class=\"elementor-element elementor-element-cf971f2 elementor-widget elementor-widget-image\" data-id=\"cf971f2\" data-element_type=\"widget\" data-widget_type=\"image.default\">\n\t\t\t\t<div class=\"elementor-widget-container\">\n\t\t\t\t\t\t\t\t\t\t\t\t\t\t\t<img decoding=\"async\" width=\"200\" height=\"233\" data-src=\"https:\/\/www.hilalusta.com\/2020\/wp-content\/uploads\/2020\/04\/aforizmakapak.jpg\" class=\"attachment-full size-full wp-image-509 lazyload\" alt=\"\" src=\"data:image\/svg+xml;base64,PHN2ZyB3aWR0aD0iMSIgaGVpZ2h0PSIxIiB4bWxucz0iaHR0cDovL3d3dy53My5vcmcvMjAwMC9zdmciPjwvc3ZnPg==\" style=\"--smush-placeholder-width: 200px; --smush-placeholder-aspect-ratio: 200\/233;\" \/>\t\t\t\t\t\t\t\t\t\t\t\t\t\t\t<\/div>\n\t\t\t\t<\/div>\n\t\t\t\t\t<\/div>\n\t\t<\/div>\n\t\t\t\t<div class=\"elementor-column elementor-col-66 elementor-top-column elementor-element elementor-element-59b523e\" data-id=\"59b523e\" data-element_type=\"column\">\n\t\t\t<div class=\"elementor-widget-wrap elementor-element-populated\">\n\t\t\t\t\t\t<div class=\"elementor-element elementor-element-2eeaee1 elementor-widget elementor-widget-testimonial\" data-id=\"2eeaee1\" data-element_type=\"widget\" data-widget_type=\"testimonial.default\">\n\t\t\t\t<div class=\"elementor-widget-container\">\n\t\t\t\t\t\t\t<div class=\"elementor-testimonial-wrapper\">\n\t\t\t\t\t\t\t<div class=\"elementor-testimonial-content\">Psikolojik Dan\u0131\u015fman Hilal Usta'n\u0131n mesleki deneyimlerinden ve g\u00f6zlemlerinden yola \u00e7\u0131karak olu\u015fturdu\u011fu 'Organik Aforizmalar', ki\u015finin i\u00e7 d\u00fcnyas\u0131na oldu\u011fu kadar d\u0131\u015f d\u00fcnyas\u0131na da bakan ve en nihayetinde t\u00fcm yollar\u0131n kesi\u015fti\u011fi 'sevgi'ye ula\u015fan bir dil \u00fczerine kuruyor kendini. '\u00c7evremizdeki suni ve do\u011fam\u0131za ayk\u0131r\u0131 \u015feyler bizi ya\u015famdan kopar\u0131r. Her anlamda do\u011fal ve ruhumuza uyan do\u011frultuda gitmek bizi varolu\u015fa yakla\u015ft\u0131r\u0131r.' diyor yazar ve 'Belki de sadece insan olman\u0131n, tam olmam\u0131\u015fl\u0131\u011f\u0131n kokusu...' aforizmas\u0131yla, sevgi dolu bir kabullenme se\u00e7ene\u011fini de vurguluyor. 'Benli\u011fe Dair, Topluma Ait Meseleler, B\u00fct\u00fcn\u00fc Anlamak ve Ya\u015famak, Ger\u00e7ek Mutlulu\u011fun Tan\u0131m\u0131: Sevgi ve Olumlamalar' olmak \u00fczere toplam be\u015f b\u00f6l\u00fcmden olu\u015fan kitap, sundu\u011fu keyifli okuman\u0131n yan\u0131s\u0131ra 'ego, korku, yeni d\u00fcnya, yeni insan, de\u011fi\u015fim, ke\u015ffetmek' gibi bir\u00e7ok kavram\u0131 yeniden sorgulamam\u0131z\u0131 sa\u011fl\u0131yor.<\/div>\n\t\t\t\n\t\t\t\t\t<\/div>\n\t\t\t\t\t\t<\/div>\n\t\t\t\t<\/div>\n\t\t\t\t\t<\/div>\n\t\t<\/div>\n\t\t\t\t\t<\/div>\n\t\t<\/section>\n\t\t\t\t<section class=\"elementor-section elementor-top-section elementor-element elementor-element-3a8c6dbf elementor-section-stretched elementor-section-boxed elementor-section-height-default elementor-section-height-default\" data-id=\"3a8c6dbf\" data-element_type=\"section\" data-settings=\"{&quot;stretch_section&quot;:&quot;section-stretched&quot;,&quot;background_background&quot;:&quot;classic&quot;}\">\n\t\t\t\t\t\t<div class=\"elementor-container elementor-column-gap-default\">\n\t\t\t\t\t<div class=\"elementor-column elementor-col-16 elementor-top-column elementor-element elementor-element-1f048dd5\" data-id=\"1f048dd5\" data-element_type=\"column\">\n\t\t\t<div class=\"elementor-widget-wrap elementor-element-populated\">\n\t\t\t\t\t\t<div class=\"elementor-element elementor-element-7b606604 elementor-view-default elementor-widget elementor-widget-icon\" data-id=\"7b606604\" data-element_type=\"widget\" data-widget_type=\"icon.default\">\n\t\t\t\t<div class=\"elementor-widget-container\">\n\t\t\t\t\t\t\t<div class=\"elementor-icon-wrapper\">\n\t\t\t<div class=\"elementor-icon\">\n\t\t\t<i aria-hidden=\"true\" class=\"fas fa-phone-volume\"><\/i>\t\t\t<\/div>\n\t\t<\/div>\n\t\t\t\t\t\t<\/div>\n\t\t\t\t<\/div>\n\t\t\t\t\t<\/div>\n\t\t<\/div>\n\t\t\t\t<div class=\"elementor-column elementor-col-16 elementor-top-column elementor-element elementor-element-65cb1822\" data-id=\"65cb1822\" data-element_type=\"column\">\n\t\t\t<div class=\"elementor-widget-wrap elementor-element-populated\">\n\t\t\t\t\t\t<div class=\"elementor-element elementor-element-30b92 elementor-widget elementor-widget-heading\" data-id=\"30b92\" data-element_type=\"widget\" data-widget_type=\"heading.default\">\n\t\t\t\t<div class=\"elementor-widget-container\">\n\t\t\t\t\t<h2 class=\"elementor-heading-title elementor-size-default\">Bilgi i\u00e7in<\/h2>\t\t\t\t<\/div>\n\t\t\t\t<\/div>\n\t\t\t\t\t<\/div>\n\t\t<\/div>\n\t\t\t\t<div class=\"elementor-column elementor-col-16 elementor-top-column elementor-element elementor-element-4cd1afe1\" data-id=\"4cd1afe1\" data-element_type=\"column\">\n\t\t\t<div class=\"elementor-widget-wrap elementor-element-populated\">\n\t\t\t\t\t\t<div class=\"elementor-element elementor-element-13b400d8 elementor-widget elementor-widget-heading\" data-id=\"13b400d8\" data-element_type=\"widget\" data-widget_type=\"heading.default\">\n\t\t\t\t<div class=\"elementor-widget-container\">\n\t\t\t\t\t<h1 class=\"elementor-heading-title elementor-size-default\">0 532 597 2236<\/h1>\t\t\t\t<\/div>\n\t\t\t\t<\/div>\n\t\t\t\t\t<\/div>\n\t\t<\/div>\n\t\t\t\t<div class=\"elementor-column elementor-col-16 elementor-top-column elementor-element elementor-element-63ca7a12\" data-id=\"63ca7a12\" data-element_type=\"column\">\n\t\t\t<div class=\"elementor-widget-wrap elementor-element-populated\">\n\t\t\t\t\t\t<div class=\"elementor-element elementor-element-61a05a04 elementor-view-default elementor-widget elementor-widget-icon\" data-id=\"61a05a04\" data-element_type=\"widget\" data-widget_type=\"icon.default\">\n\t\t\t\t<div class=\"elementor-widget-container\">\n\t\t\t\t\t\t\t<div class=\"elementor-icon-wrapper\">\n\t\t\t<div class=\"elementor-icon\">\n\t\t\t<i aria-hidden=\"true\" class=\"far fa-calendar-alt\"><\/i>\t\t\t<\/div>\n\t\t<\/div>\n\t\t\t\t\t\t<\/div>\n\t\t\t\t<\/div>\n\t\t\t\t\t<\/div>\n\t\t<\/div>\n\t\t\t\t<div class=\"elementor-column elementor-col-16 elementor-top-column elementor-element elementor-element-50563fa0\" data-id=\"50563fa0\" data-element_type=\"column\">\n\t\t\t<div class=\"elementor-widget-wrap elementor-element-populated\">\n\t\t\t\t\t\t<div class=\"elementor-element elementor-element-196d37aa elementor-widget elementor-widget-heading\" data-id=\"196d37aa\" data-element_type=\"widget\" data-widget_type=\"heading.default\">\n\t\t\t\t<div class=\"elementor-widget-container\">\n\t\t\t\t\t<h2 class=\"elementor-heading-title elementor-size-default\">Randevu i\u00e7in<\/h2>\t\t\t\t<\/div>\n\t\t\t\t<\/div>\n\t\t\t\t\t<\/div>\n\t\t<\/div>\n\t\t\t\t<div class=\"elementor-column elementor-col-16 elementor-top-column elementor-element elementor-element-696cf60b\" data-id=\"696cf60b\" data-element_type=\"column\">\n\t\t\t<div class=\"elementor-widget-wrap elementor-element-populated\">\n\t\t\t\t\t\t<div class=\"elementor-element elementor-element-9fb5f3b elementor-widget elementor-widget-button\" data-id=\"9fb5f3b\" data-element_type=\"widget\" data-widget_type=\"button.default\">\n\t\t\t\t<div class=\"elementor-widget-container\">\n\t\t\t\t\t\t\t\t\t<div class=\"elementor-button-wrapper\">\n\t\t\t\t\t<a class=\"elementor-button elementor-button-link elementor-size-sm\" href=\"https:\/\/www.doktortakvimi.com\/hilal-usta\/psikoloji\/istanbul\" target=\"_blank\" rel=\"nofollow\">\n\t\t\t\t\t\t<span class=\"elementor-button-content-wrapper\">\n\t\t\t\t\t\t\t\t\t<span class=\"elementor-button-text\">Hilal Usta DoktorTakvimi.com<\/span>\n\t\t\t\t\t<\/span>\n\t\t\t\t\t<\/a>\n\t\t\t\t<\/div>\n\t\t\t\t\t\t\t\t<\/div>\n\t\t\t\t<\/div>\n\t\t\t\t\t<\/div>\n\t\t<\/div>\n\t\t\t\t\t<\/div>\n\t\t<\/section>\n\t\t\t\t<\/div>\n\t\t","protected":false},"excerpt":{"rendered":"<p class=\"tx-excerpt\">Hilal Usta Uzman Klinik Psikolog Hilal USTA, \u00a0\u0130stanbul \u00dcniversitesi, Psikolojik Dan\u0131\u015fmanl\u0131k ve Rehberlik b\u00f6l\u00fcm\u00fcnden 2002 y\u0131l\u0131nda mezun oldu. \u0130stanbul Kent \u00dcniversitesi Klinik Psikoloji Y\u00fcksek Lisans program\u0131n\u0131 Mindfulness Temelli Psikoterapilerin Etkilili\u011fi...<\/p>","protected":false},"author":1,"featured_media":0,"parent":0,"menu_order":0,"comment_status":"closed","ping_status":"closed","template":"","meta":{"footnotes":""},"class_list":["post-11","page","type-page","status-publish","hentry"],"yoast_head":"<!-- This site is optimized with the Yoast SEO plugin v25.7 - https:\/\/yoast.com\/wordpress\/plugins\/seo\/ -->\n<title>Hakk\u0131nda | Hilal Usta<\/title>\n<meta name=\"robots\" content=\"index, follow, max-snippet:-1, max-image-preview:large, max-video-preview:-1\" \/>\n<link rel=\"canonical\" href=\"https:\/\/www.hilalusta.com\/2020\/hakkinda\/\" \/>\n<meta property=\"og:locale\" content=\"tr_TR\" \/>\n<meta property=\"og:type\" content=\"article\" \/>\n<meta property=\"og:title\" content=\"Hakk\u0131nda | Hilal Usta\" \/>\n<meta property=\"og:description\" content=\"Hilal Usta Uzman Klinik Psikolog Hilal USTA, \u00a0\u0130stanbul \u00dcniversitesi, Psikolojik Dan\u0131\u015fmanl\u0131k ve Rehberlik b\u00f6l\u00fcm\u00fcnden 2002 y\u0131l\u0131nda mezun oldu. \u0130stanbul Kent \u00dcniversitesi Klinik Psikoloji Y\u00fcksek Lisans program\u0131n\u0131 Mindfulness Temelli Psikoterapilerin Etkilili\u011fi \u00fczerine yapt\u0131\u011f\u0131 bir \u00e7al\u0131\u015fmayla tamamlad\u0131. 2002 y\u0131l\u0131ndan itibaren bireysel ve grup dan\u0131\u015fmanl\u0131\u011f\u0131 yapmakta, aile e\u011fitimleri ve kurumsal e\u011fitimler vermekte, sosyal i\u00e7erikli \u00e7al\u0131\u015fmalarda yer almaktad\u0131r. Farkl\u0131 [&hellip;]\" \/>\n<meta property=\"og:url\" content=\"https:\/\/www.hilalusta.com\/2020\/hakkinda\/\" \/>\n<meta property=\"og:site_name\" content=\"Hilal Usta\" \/>\n<meta property=\"article:modified_time\" content=\"2025-08-24T18:30:46+00:00\" \/>\n<meta property=\"og:image\" content=\"https:\/\/www.hilalusta.com\/2020\/wp-content\/uploads\/2020\/12\/profil.jpg\" \/>\n<meta name=\"twitter:card\" content=\"summary_large_image\" \/>\n<meta name=\"twitter:label1\" content=\"Tahmini okuma s\u00fcresi\" \/>\n\t<meta name=\"twitter:data1\" content=\"3 dakika\" \/>\n<script type=\"application\/ld+json\" class=\"yoast-schema-graph\">{\"@context\":\"https:\/\/schema.org\",\"@graph\":[{\"@type\":\"WebPage\",\"@id\":\"https:\/\/www.hilalusta.com\/2020\/hakkinda\/\",\"url\":\"https:\/\/www.hilalusta.com\/2020\/hakkinda\/\",\"name\":\"Hakk\u0131nda | Hilal Usta\",\"isPartOf\":{\"@id\":\"https:\/\/www.hilalusta.com\/2020\/#website\"},\"primaryImageOfPage\":{\"@id\":\"https:\/\/www.hilalusta.com\/2020\/hakkinda\/#primaryimage\"},\"image\":{\"@id\":\"https:\/\/www.hilalusta.com\/2020\/hakkinda\/#primaryimage\"},\"thumbnailUrl\":\"https:\/\/www.hilalusta.com\/2020\/wp-content\/uploads\/2020\/12\/profil.jpg\",\"datePublished\":\"2019-11-28T04:50:37+00:00\",\"dateModified\":\"2025-08-24T18:30:46+00:00\",\"breadcrumb\":{\"@id\":\"https:\/\/www.hilalusta.com\/2020\/hakkinda\/#breadcrumb\"},\"inLanguage\":\"tr\",\"potentialAction\":[{\"@type\":\"ReadAction\",\"target\":[\"https:\/\/www.hilalusta.com\/2020\/hakkinda\/\"]}]},{\"@type\":\"ImageObject\",\"inLanguage\":\"tr\",\"@id\":\"https:\/\/www.hilalusta.com\/2020\/hakkinda\/#primaryimage\",\"url\":\"https:\/\/www.hilalusta.com\/2020\/wp-content\/uploads\/2020\/12\/profil.jpg\",\"contentUrl\":\"https:\/\/www.hilalusta.com\/2020\/wp-content\/uploads\/2020\/12\/profil.jpg\",\"width\":960,\"height\":635},{\"@type\":\"BreadcrumbList\",\"@id\":\"https:\/\/www.hilalusta.com\/2020\/hakkinda\/#breadcrumb\",\"itemListElement\":[{\"@type\":\"ListItem\",\"position\":1,\"name\":\"Ana sayfa\",\"item\":\"https:\/\/www.hilalusta.com\/2020\/\"},{\"@type\":\"ListItem\",\"position\":2,\"name\":\"Hakk\u0131nda\"}]},{\"@type\":\"WebSite\",\"@id\":\"https:\/\/www.hilalusta.com\/2020\/#website\",\"url\":\"https:\/\/www.hilalusta.com\/2020\/\",\"name\":\"Hilal Usta\",\"description\":\"Uzman Klinik Psikolog\",\"publisher\":{\"@id\":\"https:\/\/www.hilalusta.com\/2020\/#\/schema\/person\/445f7167d4eec3362199d35e56ffcd84\"},\"potentialAction\":[{\"@type\":\"SearchAction\",\"target\":{\"@type\":\"EntryPoint\",\"urlTemplate\":\"https:\/\/www.hilalusta.com\/2020\/?s={search_term_string}\"},\"query-input\":{\"@type\":\"PropertyValueSpecification\",\"valueRequired\":true,\"valueName\":\"search_term_string\"}}],\"inLanguage\":\"tr\"},{\"@type\":[\"Person\",\"Organization\"],\"@id\":\"https:\/\/www.hilalusta.com\/2020\/#\/schema\/person\/445f7167d4eec3362199d35e56ffcd84\",\"name\":\"hilalusta\",\"image\":{\"@type\":\"ImageObject\",\"inLanguage\":\"tr\",\"@id\":\"https:\/\/www.hilalusta.com\/2020\/#\/schema\/person\/image\/\",\"url\":\"https:\/\/www.hilalusta.com\/2020\/wp-content\/uploads\/2021\/01\/Profil_Fotografi2.png\",\"contentUrl\":\"https:\/\/www.hilalusta.com\/2020\/wp-content\/uploads\/2021\/01\/Profil_Fotografi2.png\",\"width\":1200,\"height\":1200,\"caption\":\"hilalusta\"},\"logo\":{\"@id\":\"https:\/\/www.hilalusta.com\/2020\/#\/schema\/person\/image\/\"},\"sameAs\":[\"https:\/\/www.hilalusta.com\/2020\"]}]}<\/script>\n<!-- \/ Yoast SEO plugin. -->","yoast_head_json":{"title":"Hakk\u0131nda | Hilal Usta","robots":{"index":"index","follow":"follow","max-snippet":"max-snippet:-1","max-image-preview":"max-image-preview:large","max-video-preview":"max-video-preview:-1"},"canonical":"https:\/\/www.hilalusta.com\/2020\/hakkinda\/","og_locale":"tr_TR","og_type":"article","og_title":"Hakk\u0131nda | Hilal Usta","og_description":"Hilal Usta Uzman Klinik Psikolog Hilal USTA, \u00a0\u0130stanbul \u00dcniversitesi, Psikolojik Dan\u0131\u015fmanl\u0131k ve Rehberlik b\u00f6l\u00fcm\u00fcnden 2002 y\u0131l\u0131nda mezun oldu. \u0130stanbul Kent \u00dcniversitesi Klinik Psikoloji Y\u00fcksek Lisans program\u0131n\u0131 Mindfulness Temelli Psikoterapilerin Etkilili\u011fi \u00fczerine yapt\u0131\u011f\u0131 bir \u00e7al\u0131\u015fmayla tamamlad\u0131. 2002 y\u0131l\u0131ndan itibaren bireysel ve grup dan\u0131\u015fmanl\u0131\u011f\u0131 yapmakta, aile e\u011fitimleri ve kurumsal e\u011fitimler vermekte, sosyal i\u00e7erikli \u00e7al\u0131\u015fmalarda yer almaktad\u0131r. Farkl\u0131 [&hellip;]","og_url":"https:\/\/www.hilalusta.com\/2020\/hakkinda\/","og_site_name":"Hilal Usta","article_modified_time":"2025-08-24T18:30:46+00:00","og_image":[{"url":"https:\/\/www.hilalusta.com\/2020\/wp-content\/uploads\/2020\/12\/profil.jpg","type":"","width":"","height":""}],"twitter_card":"summary_large_image","twitter_misc":{"Tahmini okuma s\u00fcresi":"3 dakika"},"schema":{"@context":"https:\/\/schema.org","@graph":[{"@type":"WebPage","@id":"https:\/\/www.hilalusta.com\/2020\/hakkinda\/","url":"https:\/\/www.hilalusta.com\/2020\/hakkinda\/","name":"Hakk\u0131nda | Hilal Usta","isPartOf":{"@id":"https:\/\/www.hilalusta.com\/2020\/#website"},"primaryImageOfPage":{"@id":"https:\/\/www.hilalusta.com\/2020\/hakkinda\/#primaryimage"},"image":{"@id":"https:\/\/www.hilalusta.com\/2020\/hakkinda\/#primaryimage"},"thumbnailUrl":"https:\/\/www.hilalusta.com\/2020\/wp-content\/uploads\/2020\/12\/profil.jpg","datePublished":"2019-11-28T04:50:37+00:00","dateModified":"2025-08-24T18:30:46+00:00","breadcrumb":{"@id":"https:\/\/www.hilalusta.com\/2020\/hakkinda\/#breadcrumb"},"inLanguage":"tr","potentialAction":[{"@type":"ReadAction","target":["https:\/\/www.hilalusta.com\/2020\/hakkinda\/"]}]},{"@type":"ImageObject","inLanguage":"tr","@id":"https:\/\/www.hilalusta.com\/2020\/hakkinda\/#primaryimage","url":"https:\/\/www.hilalusta.com\/2020\/wp-content\/uploads\/2020\/12\/profil.jpg","contentUrl":"https:\/\/www.hilalusta.com\/2020\/wp-content\/uploads\/2020\/12\/profil.jpg","width":960,"height":635},{"@type":"BreadcrumbList","@id":"https:\/\/www.hilalusta.com\/2020\/hakkinda\/#breadcrumb","itemListElement":[{"@type":"ListItem","position":1,"name":"Ana sayfa","item":"https:\/\/www.hilalusta.com\/2020\/"},{"@type":"ListItem","position":2,"name":"Hakk\u0131nda"}]},{"@type":"WebSite","@id":"https:\/\/www.hilalusta.com\/2020\/#website","url":"https:\/\/www.hilalusta.com\/2020\/","name":"Hilal Usta","description":"Uzman Klinik Psikolog","publisher":{"@id":"https:\/\/www.hilalusta.com\/2020\/#\/schema\/person\/445f7167d4eec3362199d35e56ffcd84"},"potentialAction":[{"@type":"SearchAction","target":{"@type":"EntryPoint","urlTemplate":"https:\/\/www.hilalusta.com\/2020\/?s={search_term_string}"},"query-input":{"@type":"PropertyValueSpecification","valueRequired":true,"valueName":"search_term_string"}}],"inLanguage":"tr"},{"@type":["Person","Organization"],"@id":"https:\/\/www.hilalusta.com\/2020\/#\/schema\/person\/445f7167d4eec3362199d35e56ffcd84","name":"hilalusta","image":{"@type":"ImageObject","inLanguage":"tr","@id":"https:\/\/www.hilalusta.com\/2020\/#\/schema\/person\/image\/","url":"https:\/\/www.hilalusta.com\/2020\/wp-content\/uploads\/2021\/01\/Profil_Fotografi2.png","contentUrl":"https:\/\/www.hilalusta.com\/2020\/wp-content\/uploads\/2021\/01\/Profil_Fotografi2.png","width":1200,"height":1200,"caption":"hilalusta"},"logo":{"@id":"https:\/\/www.hilalusta.com\/2020\/#\/schema\/person\/image\/"},"sameAs":["https:\/\/www.hilalusta.com\/2020"]}]}},"_links":{"self":[{"href":"https:\/\/www.hilalusta.com\/2020\/wp-json\/wp\/v2\/pages\/11","targetHints":{"allow":["GET"]}}],"collection":[{"href":"https:\/\/www.hilalusta.com\/2020\/wp-json\/wp\/v2\/pages"}],"about":[{"href":"https:\/\/www.hilalusta.com\/2020\/wp-json\/wp\/v2\/types\/page"}],"author":[{"embeddable":true,"href":"https:\/\/www.hilalusta.com\/2020\/wp-json\/wp\/v2\/users\/1"}],"replies":[{"embeddable":true,"href":"https:\/\/www.hilalusta.com\/2020\/wp-json\/wp\/v2\/comments?post=11"}],"version-history":[{"count":51,"href":"https:\/\/www.hilalusta.com\/2020\/wp-json\/wp\/v2\/pages\/11\/revisions"}],"predecessor-version":[{"id":951,"href":"https:\/\/www.hilalusta.com\/2020\/wp-json\/wp\/v2\/pages\/11\/revisions\/951"}],"wp:attachment":[{"href":"https:\/\/www.hilalusta.com\/2020\/wp-json\/wp\/v2\/media?parent=11"}],"curies":[{"name":"wp","href":"https:\/\/api.w.org\/{rel}","templated":true}]}}